{"id":10,"date":"2023-08-22T21:31:33","date_gmt":"2023-08-22T21:31:33","guid":{"rendered":"https:\/\/aasegnist.no\/?page_id=10"},"modified":"2026-04-10T21:18:35","modified_gmt":"2026-04-10T21:18:35","slug":"hjem","status":"publish","type":"page","link":"https:\/\/aasegnist.no\/en\/","title":{"rendered":"Home"},"content":{"rendered":"<div class=\"wp-block-cover alignfull\" style=\"margin-top:0;margin-bottom:0;padding-top:160px;padding-bottom:160px\"><img loading=\"lazy\" decoding=\"async\" width=\"2560\" height=\"1707\" class=\"wp-block-cover__image-background wp-image-288\" alt=\"\" src=\"https:\/\/aasegnist.no\/wp-content\/uploads\/2023\/08\/shutterstock_2259674631-scaled.jpg\" data-object-fit=\"cover\" srcset=\"https:\/\/aasegnist.no\/wp-content\/uploads\/2023\/08\/shutterstock_2259674631-scaled.jpg 2560w, https:\/\/aasegnist.no\/wp-content\/uploads\/2023\/08\/shutterstock_2259674631-300x200.jpg 300w, https:\/\/aasegnist.no\/wp-content\/uploads\/2023\/08\/shutterstock_2259674631-1024x683.jpg 1024w, https:\/\/aasegnist.no\/wp-content\/uploads\/2023\/08\/shutterstock_2259674631-768x512.jpg 768w, https:\/\/aasegnist.no\/wp-content\/uploads\/2023\/08\/shutterstock_2259674631-1536x1024.jpg 1536w, https:\/\/aasegnist.no\/wp-content\/uploads\/2023\/08\/shutterstock_2259674631-2048x1365.jpg 2048w\" sizes=\"auto, (max-width: 2560px) 100vw, 2560px\" \/><span aria-hidden=\"true\" class=\"wp-block-cover__background has-base-2-background-color has-background-dim-30 has-background-dim\"><\/span><div class=\"wp-block-cover__inner-container has-global-padding is-layout-constrained wp-container-core-cover-is-layout-46d767f2 wp-block-cover-is-layout-constrained\">\n<div class=\"wp-block-columns is-layout-flex wp-container-core-columns-is-layout-28f84493 wp-block-columns-is-layout-flex\">\n<div class=\"wp-block-column is-layout-flow wp-block-column-is-layout-flow\" style=\"flex-basis:50%\">\n<div data-aos= \"fade-down\" data-aos-duration=\"400\" data-aos-delay=\"0\" data-aos-easing=\"ease\" data-aos-once=\"true\" class=\"wp-block-uagb-advanced-heading uagb-block-446bc68d\"><h2 class=\"uagb-heading-text\"><strong>Your partner in Wire-cut and die sink EDM<\/strong><\/h2><\/div>\n\n\n\n<p class=\"has-text-align-left has-base-3-color has-text-color\" style=\"font-size:clamp(14px, 0.875rem + ((1vw - 3.2px) * 0.625), 20px);\">Modern equipment combined with experience and expertise in wire-cut and die sink EDM machining.<\/p>\n\n\n\n<div data-aos= \"fade-up\" data-aos-duration=\"400\" data-aos-delay=\"0\" data-aos-easing=\"ease\" data-aos-once=\"true\" class=\"wp-block-uagb-buttons uagb-buttons__outer-wrap uagb-btn__medium-btn uagb-btn-tablet__default-btn uagb-btn-mobile__default-btn uagb-block-65947569\"><div class=\"uagb-buttons__wrap uagb-buttons-layout-wrap\">\n<div class=\"wp-block-uagb-buttons-child uagb-buttons__outer-wrap uagb-block-4f53404b wp-block-button\"><div class=\"uagb-button__wrapper\"><a class=\"uagb-buttons-repeater wp-block-button__link\" aria-label=\"\" href=\"https:\/\/aasegnist.no\/en\/kontakt\/\" rel=\"follow noopener\" target=\"_self\" role=\"button\"><div class=\"uagb-button__link\">Contact<\/div><\/a><\/div><\/div>\n\n\n\n<div class=\"wp-block-uagb-buttons-child uagb-buttons__outer-wrap uagb-block-dee6bd37 wp-block-button\"><div class=\"uagb-button__wrapper\"><a class=\"uagb-buttons-repeater wp-block-button__link\" aria-label=\"\" href=\"https:\/\/aasegnist.no\/en\/om-oss\/\" rel=\"follow noopener\" target=\"_self\" role=\"button\"><div class=\"uagb-button__link\">About us<\/div><\/a><\/div><\/div>\n<\/div><\/div>\n<\/div>\n\n\n\n<div class=\"wp-block-column is-layout-flow wp-block-column-is-layout-flow\" style=\"flex-basis:50%\"><\/div>\n<\/div>\n<\/div><\/div>\n\n\n\n<div class=\"wp-block-uagb-container uagb-block-ada01bee alignfull uagb-is-root-container\"><div class=\"uagb-container-inner-blocks-wrap\">\n<div class=\"wp-block-uagb-container uagb-block-c66e5a65\"><\/div>\n\n\n\n<div class=\"wp-block-uagb-container uagb-block-7384b62a\">\n<div class=\"wp-block-uagb-advanced-heading uagb-block-f5d23aa0\"><h2 class=\"uagb-heading-text\">Precision and quality in die sink and wire-cut EDM machining<\/h2><\/div>\n\n\n\n<p style=\"font-size:clamp(14px, 0.875rem + ((1vw - 3.2px) * 0.313), 17px);\">We have close to 30 years of experience with wire-cut and die sinking EDM machining.<\/p>\n\n\n\n<p>Located in modern premises at Klepp, we serve a broad customer base, including the oil and offshore sectors with their strict quality requirements. <\/p>\n\n\n\n<p>However, our knowledge extends beyond this, we supply components to various other industries. Contact us to explore our wide range of services.<\/p>\n<\/div>\n<\/div><\/div>\n\n\n\n<div class=\"wp-block-cover alignfull\"><span aria-hidden=\"true\" class=\"wp-block-cover__background has-contrast-background-color has-background-dim-100 has-background-dim\"><\/span><div class=\"wp-block-cover__inner-container has-global-padding is-layout-constrained wp-container-core-cover-is-layout-530ec779 wp-block-cover-is-layout-constrained\">\n<div class=\"wp-block-uagb-container uagb-block-889bf088 alignwide uagb-is-root-container\">\n<div data-aos= \"fade-left\" data-aos-duration=\"400\" data-aos-delay=\"0\" data-aos-easing=\"ease\" data-aos-once=\"true\" class=\"wp-block-uagb-container uagb-block-7a9094d7\">\t\t\t\t\t<div\n\t\t\t\t\t\tclass=\"wp-block-uagb-image-gallery uagb-block-a85fd6b4\"\n\t\t\t\t\t\tstyle=\"\"\n\t\t\t\t\t>\n\t\t\t\t\t\t\t\t\t\t\t<div class=\"spectra-image-gallery spectra-image-gallery__layout--carousel\">\n\t\t\t\t\t\t\t\t<div class=\"uagb-slick-carousel uagb-block-a85fd6b4\">\n\t\t\t\t\t\t\t\t\t\t\t\t<div class='spectra-image-gallery__media-wrapper' data-spectra-gallery-image-id='419'>\n\t\t\t\t\t\t\t<div class=\"spectra-image-gallery__media spectra-image-gallery__media--carousel\">\n\t\t\t\t<picture>\n\t\t\t\t\t<source media=\"(min-width: 1024px)\" srcset=\"https:\/\/aasegnist.no\/wp-content\/uploads\/2023\/09\/aase-gnist-bilde.png\">\n\t\t\t\t\t<source media=\"(min-width: 768px)\" srcset=\"https:\/\/aasegnist.no\/wp-content\/uploads\/2023\/09\/aase-gnist-bilde.png\">\n\t\t\t\t\t<img decoding=\"async\" class=\"spectra-image-gallery__media-thumbnail spectra-image-gallery__media-thumbnail--carousel\" src=\"https:\/\/aasegnist.no\/wp-content\/uploads\/2023\/09\/aase-gnist-bilde.png\" alt=\"\" loading=\"lazy\" \/>\n\t\t\t\t<\/picture>\n\t\t\t\t<div class=\"spectra-image-gallery__media-thumbnail-blurrer\"><\/div>\n\t\t\t\t\t\t\t\t\t\t\t<div class=\"spectra-image-gallery__media-thumbnail-caption-wrapper spectra-image-gallery__media-thumbnail-caption-wrapper--overlay\"><\/div>\n\t\t\t\t\t\t\t\t<\/div>\n\t\t\t\t\t\t<\/div>\n\t\t\t\t\t\t<div class='spectra-image-gallery__media-wrapper' data-spectra-gallery-image-id='102'>\n\t\t\t\t\t\t\t<div class=\"spectra-image-gallery__media spectra-image-gallery__media--carousel\">\n\t\t\t\t<picture>\n\t\t\t\t\t<source media=\"(min-width: 1024px)\" srcset=\"https:\/\/aasegnist.no\/wp-content\/uploads\/2023\/08\/Maskinpark4.png\">\n\t\t\t\t\t<source media=\"(min-width: 768px)\" srcset=\"https:\/\/aasegnist.no\/wp-content\/uploads\/2023\/08\/Maskinpark4.png\">\n\t\t\t\t\t<img decoding=\"async\" class=\"spectra-image-gallery__media-thumbnail spectra-image-gallery__media-thumbnail--carousel\" src=\"https:\/\/aasegnist.no\/wp-content\/uploads\/2023\/08\/Maskinpark4.png\" alt=\"\" loading=\"lazy\" \/>\n\t\t\t\t<\/picture>\n\t\t\t\t<div class=\"spectra-image-gallery__media-thumbnail-blurrer\"><\/div>\n\t\t\t\t\t\t\t\t\t\t\t<div class=\"spectra-image-gallery__media-thumbnail-caption-wrapper spectra-image-gallery__media-thumbnail-caption-wrapper--overlay\"><\/div>\n\t\t\t\t\t\t\t\t<\/div>\n\t\t\t\t\t\t<\/div>\n\t\t\t\t\t\t<div class='spectra-image-gallery__media-wrapper' data-spectra-gallery-image-id='420'>\n\t\t\t\t\t\t\t<div class=\"spectra-image-gallery__media spectra-image-gallery__media--carousel\">\n\t\t\t\t<picture>\n\t\t\t\t\t<source media=\"(min-width: 1024px)\" srcset=\"https:\/\/aasegnist.no\/wp-content\/uploads\/2023\/09\/image_50429953900x600.png\">\n\t\t\t\t\t<source media=\"(min-width: 768px)\" srcset=\"https:\/\/aasegnist.no\/wp-content\/uploads\/2023\/09\/image_50429953900x600.png\">\n\t\t\t\t\t<img decoding=\"async\" class=\"spectra-image-gallery__media-thumbnail spectra-image-gallery__media-thumbnail--carousel\" src=\"https:\/\/aasegnist.no\/wp-content\/uploads\/2023\/09\/image_50429953900x600.png\" alt=\"\" loading=\"lazy\" \/>\n\t\t\t\t<\/picture>\n\t\t\t\t<div class=\"spectra-image-gallery__media-thumbnail-blurrer\"><\/div>\n\t\t\t\t\t\t\t\t\t\t\t<div class=\"spectra-image-gallery__media-thumbnail-caption-wrapper spectra-image-gallery__media-thumbnail-caption-wrapper--overlay\"><\/div>\n\t\t\t\t\t\t\t\t<\/div>\n\t\t\t\t\t\t<\/div>\n\t\t\t\t\t\t<div class='spectra-image-gallery__media-wrapper' data-spectra-gallery-image-id='99'>\n\t\t\t\t\t\t\t<div class=\"spectra-image-gallery__media spectra-image-gallery__media--carousel\">\n\t\t\t\t<picture>\n\t\t\t\t\t<source media=\"(min-width: 1024px)\" srcset=\"https:\/\/aasegnist.no\/wp-content\/uploads\/2023\/08\/Maskinpark1.png\">\n\t\t\t\t\t<source media=\"(min-width: 768px)\" srcset=\"https:\/\/aasegnist.no\/wp-content\/uploads\/2023\/08\/Maskinpark1.png\">\n\t\t\t\t\t<img decoding=\"async\" class=\"spectra-image-gallery__media-thumbnail spectra-image-gallery__media-thumbnail--carousel\" src=\"https:\/\/aasegnist.no\/wp-content\/uploads\/2023\/08\/Maskinpark1.png\" alt=\"\" loading=\"lazy\" \/>\n\t\t\t\t<\/picture>\n\t\t\t\t<div class=\"spectra-image-gallery__media-thumbnail-blurrer\"><\/div>\n\t\t\t\t\t\t\t\t\t\t\t<div class=\"spectra-image-gallery__media-thumbnail-caption-wrapper spectra-image-gallery__media-thumbnail-caption-wrapper--overlay\"><\/div>\n\t\t\t\t\t\t\t\t<\/div>\n\t\t\t\t\t\t<\/div>\n\t\t\t\t\t\t\t\t\t\t\t<\/div>\n\t\t\t\t\t\t\t<\/div>\n\t\t\t\t\t\t\t\t\t\t\t<\/div>\n\t\t\t\t\t\t\t\t\t<\/div>\n\n\n\n<div data-aos= \"fade-right\" data-aos-duration=\"400\" data-aos-delay=\"0\" data-aos-easing=\"ease\" data-aos-once=\"true\" class=\"wp-block-uagb-container uagb-block-0e302006\">      \n\t\t\t<div class=\"uagb-icon-wrapper uagb-block-016b9b3d\"\n\t\t\tstyle=\"\" >\n\t\t\t\t\t\t\t\t\t<span class=\"uagb-svg-wrapper\" \n\t\t\t\t\t aria-label=\"gears\"\t\t\t\t\ttabindex=\"0\">\t\t\n\t\t\t\t\t\t\t\t\t\t<svg xmlns=\"https:\/\/www.w3.org\/2000\/svg\" viewbox= \"0 0 640 512\" role=\"graphics-symbol\" aria-hidden=\"false\" aria-label=\"\"><path d=\"M286.3 155.1C287.4 161.9 288 168.9 288 175.1C288 183.1 287.4 190.1 286.3 196.9L308.5 216.7C315.5 223 318.4 232.1 314.7 241.7C312.4 246.1 309.9 252.2 307.1 257.2L304 262.6C300.1 267.6 297.7 272.4 294.2 277.1C288.5 284.7 278.5 287.2 269.5 284.2L241.2 274.9C230.5 283.8 218.3 290.9 205 295.9L198.1 324.9C197 334.2 189.8 341.6 180.4 342.8C173.7 343.6 166.9 344 160 344C153.1 344 146.3 343.6 139.6 342.8C130.2 341.6 122.1 334.2 121 324.9L114.1 295.9C101.7 290.9 89.5 283.8 78.75 274.9L50.53 284.2C41.54 287.2 31.52 284.7 25.82 277.1C22.28 272.4 18.98 267.5 15.94 262.5L12.92 257.2C10.13 252.2 7.592 247 5.324 241.7C1.62 232.1 4.458 223 11.52 216.7L33.7 196.9C32.58 190.1 31.1 183.1 31.1 175.1C31.1 168.9 32.58 161.9 33.7 155.1L11.52 135.3C4.458 128.1 1.62 119 5.324 110.3C7.592 104.1 10.13 99.79 12.91 94.76L15.95 89.51C18.98 84.46 22.28 79.58 25.82 74.89C31.52 67.34 41.54 64.83 50.53 67.79L78.75 77.09C89.5 68.25 101.7 61.13 114.1 56.15L121 27.08C122.1 17.8 130.2 10.37 139.6 9.231C146.3 8.418 153.1 8 160 8C166.9 8 173.7 8.418 180.4 9.23C189.8 10.37 197 17.8 198.1 27.08L205 56.15C218.3 61.13 230.5 68.25 241.2 77.09L269.5 67.79C278.5 64.83 288.5 67.34 294.2 74.89C297.7 79.56 300.1 84.42 304 89.44L307.1 94.83C309.9 99.84 312.4 105 314.7 110.3C318.4 119 315.5 128.1 308.5 135.3L286.3 155.1zM160 127.1C133.5 127.1 112 149.5 112 175.1C112 202.5 133.5 223.1 160 223.1C186.5 223.1 208 202.5 208 175.1C208 149.5 186.5 127.1 160 127.1zM484.9 478.3C478.1 479.4 471.1 480 464 480C456.9 480 449.9 479.4 443.1 478.3L423.3 500.5C416.1 507.5 407 510.4 398.3 506.7C393 504.4 387.8 501.9 382.8 499.1L377.4 496C372.4 492.1 367.6 489.7 362.9 486.2C355.3 480.5 352.8 470.5 355.8 461.5L365.1 433.2C356.2 422.5 349.1 410.3 344.1 397L315.1 390.1C305.8 389 298.4 381.8 297.2 372.4C296.4 365.7 296 358.9 296 352C296 345.1 296.4 338.3 297.2 331.6C298.4 322.2 305.8 314.1 315.1 313L344.1 306.1C349.1 293.7 356.2 281.5 365.1 270.8L355.8 242.5C352.8 233.5 355.3 223.5 362.9 217.8C367.6 214.3 372.5 210.1 377.5 207.9L382.8 204.9C387.8 202.1 392.1 199.6 398.3 197.3C407 193.6 416.1 196.5 423.3 203.5L443.1 225.7C449.9 224.6 456.9 224 464 224C471.1 224 478.1 224.6 484.9 225.7L504.7 203.5C511 196.5 520.1 193.6 529.7 197.3C535 199.6 540.2 202.1 545.2 204.9L550.5 207.9C555.5 210.1 560.4 214.3 565.1 217.8C572.7 223.5 575.2 233.5 572.2 242.5L562.9 270.8C571.8 281.5 578.9 293.7 583.9 306.1L612.9 313C622.2 314.1 629.6 322.2 630.8 331.6C631.6 338.3 632 345.1 632 352C632 358.9 631.6 365.7 630.8 372.4C629.6 381.8 622.2 389 612.9 390.1L583.9 397C578.9 410.3 571.8 422.5 562.9 433.2L572.2 461.5C575.2 470.5 572.7 480.5 565.1 486.2C560.4 489.7 555.6 492.1 550.6 496L545.2 499.1C540.2 501.9 534.1 504.4 529.7 506.7C520.1 510.4 511 507.5 504.7 500.5L484.9 478.3zM512 352C512 325.5 490.5 304 464 304C437.5 304 416 325.5 416 352C416 378.5 437.5 400 464 400C490.5 400 512 378.5 512 352z\"><\/path><\/svg>\n\t\t\t\t\t\t\t\t\t<\/span>\n\t\t\t\t\t\t\t<\/div>\n\t\t\t\n\n\n<div class=\"wp-block-uagb-advanced-heading uagb-block-a5703734\"><h3 class=\"uagb-heading-text\">Machine park<\/h3><\/div>\n\n\n\n<p class=\"has-contrast-color has-text-color has-link-color wp-elements-235eaab5163fa6403f7e73dd8c4d7d93\">We specialize in EDM machining of components for the oil and offshore industry, but also serve a number of other industries. Our advanced machinery ensures accuracy and quality in line with our customers&#039; high standards.<\/p>\n\n\n\n<div class=\"wp-block-uagb-icon-list uagb-block-564c3deb\"><div class=\"uagb-icon-list__wrap\">\n<div class=\"wp-block-uagb-icon-list-child uagb-block-e9ded630\"><a target=\"_self\" aria-label=\"Wire-cut EDM machines\" rel=\"noopener noreferrer\" href=\"https:\/\/aasegnist.no\/en\/tradgnist-3\/\"> <\/a><span class=\"uagb-icon-list__source-wrap\"><svg xmlns=\"https:\/\/www.w3.org\/2000\/svg\" viewbox=\"0 0 512 512\"><path d=\"M256 0C114.6 0 0 114.6 0 256c0 141.4 114.6 256 256 256s256-114.6 256-256C512 114.6 397.4 0 256 0zM406.6 278.6l-103.1 103.1c-12.5 12.5-32.75 12.5-45.25 0s-12.5-32.75 0-45.25L306.8 288H128C110.3 288 96 273.7 96 256s14.31-32 32-32h178.8l-49.38-49.38c-12.5-12.5-12.5-32.75 0-45.25s32.75-12.5 45.25 0l103.1 103.1C414.6 241.3 416 251.1 416 256C416 260.9 414.6 270.7 406.6 278.6z\"><\/path><\/svg><\/span><span class=\"uagb-icon-list__label\">Wire-cut EDM machines<\/span><\/div>\n\n\n\n<div class=\"wp-block-uagb-icon-list-child uagb-block-95fdac7e\"><a target=\"_self\" aria-label=\"Die sinking machines\" rel=\"noopener noreferrer\" href=\"https:\/\/aasegnist.no\/en\/senkegnist\/\"> <\/a><span class=\"uagb-icon-list__source-wrap\"><svg xmlns=\"https:\/\/www.w3.org\/2000\/svg\" viewbox=\"0 0 512 512\"><path d=\"M256 0C114.6 0 0 114.6 0 256c0 141.4 114.6 256 256 256s256-114.6 256-256C512 114.6 397.4 0 256 0zM406.6 278.6l-103.1 103.1c-12.5 12.5-32.75 12.5-45.25 0s-12.5-32.75 0-45.25L306.8 288H128C110.3 288 96 273.7 96 256s14.31-32 32-32h178.8l-49.38-49.38c-12.5-12.5-12.5-32.75 0-45.25s32.75-12.5 45.25 0l103.1 103.1C414.6 241.3 416 251.1 416 256C416 260.9 414.6 270.7 406.6 278.6z\"><\/path><\/svg><\/span><span class=\"uagb-icon-list__label\">Die sinking machines<\/span><\/div>\n<\/div><\/div>\n\n\n\n<div class=\"wp-block-uagb-buttons uagb-buttons__outer-wrap uagb-btn__large-btn uagb-btn-tablet__default-btn uagb-btn-mobile__default-btn uagb-block-54f94f4a\"><div class=\"uagb-buttons__wrap uagb-buttons-layout-wrap\">\n<div class=\"wp-block-uagb-buttons-child uagb-buttons__outer-wrap uagb-block-bd831002 wp-block-button\"><div class=\"uagb-button__wrapper\"><a class=\"uagb-buttons-repeater wp-block-button__link\" aria-label=\"\" href=\"https:\/\/aasegnist.no\/en\/maskinpark\/\" rel=\"follow noopener\" target=\"_self\" role=\"button\"><div class=\"uagb-button__link\">Machine park<\/div><\/a><\/div><\/div>\n<\/div><\/div>\n<\/div>\n<\/div>\n<\/div><\/div>\n\n\n\n<div class=\"wp-block-uagb-container uagb-block-d1d5db75 alignfull uagb-is-root-container\"><div class=\"uagb-container-inner-blocks-wrap\"><\/div><\/div>","protected":false},"excerpt":{"rendered":"<p>Presisjon og kvalitet innen senkegnist- og tr\u00e5dgnistmaskinering Vi har n\u00e6rmere 30 \u00e5rs erfaring med tr\u00e5dgnist- og senkegnistmaskering. Plassert i moderne lokaler p\u00e5 Klepp betjener vi en bred kundebase, inkludert olje og offshore-sektoren med sine strenge kvalitetskrav. V\u00e5r kunnskap strekker seg imidlertid utover dette, vi leverer komponenter til ulike andre industrier. Kontakt oss for \u00e5 utforske [&hellip;]<\/p>\n","protected":false},"author":3,"featured_media":0,"parent":0,"menu_order":0,"comment_status":"closed","ping_status":"closed","template":"","meta":{"_uag_custom_page_level_css":"","footnotes":""},"class_list":["post-10","page","type-page","status-publish","hentry"],"uagb_featured_image_src":{"full":false,"thumbnail":false,"medium":false,"medium_large":false,"large":false,"1536x1536":false,"2048x2048":false,"trp-custom-language-flag":false},"uagb_author_info":{"display_name":"Aase Gnist","author_link":"https:\/\/aasegnist.no\/en\/author\/aase-gnist\/"},"uagb_comment_info":0,"uagb_excerpt":"Presisjon og kvalitet innen senkegnist- og tr\u00e5dgnistmaskinering Vi har n\u00e6rmere 30 \u00e5rs erfaring med tr\u00e5dgnist- og senkegnistmaskering. Plassert i moderne lokaler p\u00e5 Klepp betjener vi en bred kundebase, inkludert olje og offshore-sektoren med sine strenge kvalitetskrav. V\u00e5r kunnskap strekker seg imidlertid utover dette, vi leverer komponenter til ulike andre industrier. Kontakt oss for \u00e5 utforske&hellip;","_links":{"self":[{"href":"https:\/\/aasegnist.no\/en\/wp-json\/wp\/v2\/pages\/10","targetHints":{"allow":["GET"]}}],"collection":[{"href":"https:\/\/aasegnist.no\/en\/wp-json\/wp\/v2\/pages"}],"about":[{"href":"https:\/\/aasegnist.no\/en\/wp-json\/wp\/v2\/types\/page"}],"author":[{"embeddable":true,"href":"https:\/\/aasegnist.no\/en\/wp-json\/wp\/v2\/users\/3"}],"replies":[{"embeddable":true,"href":"https:\/\/aasegnist.no\/en\/wp-json\/wp\/v2\/comments?post=10"}],"version-history":[{"count":135,"href":"https:\/\/aasegnist.no\/en\/wp-json\/wp\/v2\/pages\/10\/revisions"}],"predecessor-version":[{"id":1340,"href":"https:\/\/aasegnist.no\/en\/wp-json\/wp\/v2\/pages\/10\/revisions\/1340"}],"wp:attachment":[{"href":"https:\/\/aasegnist.no\/en\/wp-json\/wp\/v2\/media?parent=10"}],"curies":[{"name":"wp","href":"https:\/\/api.w.org\/{rel}","templated":true}]}}