{"id":12,"date":"2023-08-22T21:31:46","date_gmt":"2023-08-22T21:31:46","guid":{"rendered":"https:\/\/aasegnist.no\/?page_id=12"},"modified":"2024-08-16T04:01:11","modified_gmt":"2024-08-16T04:01:11","slug":"om-oss","status":"publish","type":"page","link":"https:\/\/aasegnist.no\/en\/om-oss\/","title":{"rendered":"About us"},"content":{"rendered":"<div class=\"wp-block-cover alignfull is-light\"><span aria-hidden=\"true\" class=\"wp-block-cover__background has-base-2-background-color has-background-dim-40 has-background-dim\"><\/span><img loading=\"lazy\" decoding=\"async\" width=\"2500\" height=\"1661\" class=\"wp-block-cover__image-background wp-image-319\" alt=\"\" src=\"https:\/\/aasegnist.no\/wp-content\/uploads\/2023\/08\/shutterstock_532020928-flip.jpg\" data-object-fit=\"cover\" srcset=\"https:\/\/aasegnist.no\/wp-content\/uploads\/2023\/08\/shutterstock_532020928-flip.jpg 2500w, https:\/\/aasegnist.no\/wp-content\/uploads\/2023\/08\/shutterstock_532020928-flip-300x199.jpg 300w, https:\/\/aasegnist.no\/wp-content\/uploads\/2023\/08\/shutterstock_532020928-flip-1024x680.jpg 1024w, https:\/\/aasegnist.no\/wp-content\/uploads\/2023\/08\/shutterstock_532020928-flip-768x510.jpg 768w, https:\/\/aasegnist.no\/wp-content\/uploads\/2023\/08\/shutterstock_532020928-flip-1536x1021.jpg 1536w, https:\/\/aasegnist.no\/wp-content\/uploads\/2023\/08\/shutterstock_532020928-flip-2048x1361.jpg 2048w\" sizes=\"auto, (max-width: 2500px) 100vw, 2500px\" \/><div class=\"wp-block-cover__inner-container has-global-padding is-layout-constrained wp-block-cover-is-layout-constrained\">\n<div class=\"wp-block-uagb-advanced-heading uagb-block-13ec82dd\"><h1 class=\"uagb-heading-text\">about us<\/h1><\/div>\n<\/div><\/div>\n\n\n\n<div class=\"wp-block-cover alignfull is-light\" style=\"margin-top:0;margin-bottom:0;padding-top:0;padding-right:0;padding-bottom:0;padding-left:0;min-height:50px;aspect-ratio:unset;\"><span aria-hidden=\"true\" class=\"wp-block-cover__background has-base-background-color has-background-dim-100 has-background-dim\"><\/span><div class=\"wp-block-cover__inner-container is-layout-flow wp-container-core-cover-is-layout-548c0a7b wp-block-cover-is-layout-flow\">\n<div class=\"wp-block-uagb-container uagb-block-b517922c default uagb-is-root-container\">\n<div class=\"wp-block-uagb-container uagb-block-affb9016\"><\/div>\n\n\n\n<div class=\"wp-block-uagb-container uagb-block-27bf75dd\"><\/div>\n\n\n\n<div class=\"wp-block-uagb-container uagb-block-744f3e16\"><\/div>\n<\/div>\n<\/div><\/div>\n\n\n\n<div class=\"wp-block-uagb-container uagb-block-2714ff79 alignfull uagb-is-root-container\"><div class=\"uagb-container-inner-blocks-wrap\">\n<div class=\"wp-block-uagb-container uagb-block-823c71d0\">\n<div class=\"wp-block-uagb-image uagb-block-e2b5978b wp-block-uagb-image--layout-default wp-block-uagb-image--effect-static wp-block-uagb-image--align-none\"><figure class=\"wp-block-uagb-image__figure\"><img decoding=\"async\" srcset=\"https:\/\/aasegnist.no\/wp-content\/uploads\/2023\/09\/image_6487327-768x1024.jpg , https:\/\/aasegnist.no\/wp-content\/uploads\/2023\/09\/image_6487327-768x1024.jpg 360w\" sizes=\"auto, (max-width: 480px) 150px\" src=\"https:\/\/aasegnist.no\/wp-content\/uploads\/2023\/09\/image_6487327-768x1024.jpg\" alt=\"\" class=\"uag-image-454\" width=\"450\" height=\"600\" title=\"\" loading=\"lazy\" role=\"img\"\/><\/figure><\/div>\n<\/div>\n\n\n\n<div class=\"wp-block-uagb-container uagb-block-eac8e911\">\n<div class=\"wp-block-uagb-advanced-heading uagb-block-cc711d7e\"><h2 class=\"uagb-heading-text\">Aase Gnist AS: Your partner for precision and quality<\/h2><\/div>\n\n\n\n<p>Aase Gnist AS is a company with broad experience and expertise in wire-cut and die-sink EDM machining.<\/p>\n\n\n\n<p>Our knowledge has been shaped through long-term delivery to the oil and offshore industry, where the demands on quality and reliability are high. In addition to new partners in this sector, we are also looking for new challenges and opportunities in other industries, in order to expand our customer base and expertise.<br><\/p>\n\n\n\n<p>We are based in modern production premises at Klepp, outside Stavanger. Here we combine experience with advanced machine equipment to meet our customers' needs.<\/p>\n<\/div>\n<\/div><\/div>\n\n\n\n<div class=\"wp-block-uagb-container uagb-block-d1d5db75 alignfull uagb-is-root-container\"><div class=\"uagb-container-inner-blocks-wrap\"><\/div><\/div>","protected":false},"excerpt":{"rendered":"<p>Aase Gnist AS: Din partner for presisjon og kvalitet Aase Gnist AS er en bedrift med bred erfaring og kompetanse innen tr\u00e5dgnist- og senkegnistmaskinering. V\u00e5r kunnskap har blitt formet gjennom langvarig levering til olje og offshore-industrien, hvor kravene til kvalitet og p\u00e5litelighet er stor. I tillegg til nye partnere innen denne sektoren s\u00f8ker vi samtidig [&hellip;]<\/p>\n","protected":false},"author":3,"featured_media":0,"parent":0,"menu_order":0,"comment_status":"closed","ping_status":"closed","template":"","meta":{"_uag_custom_page_level_css":"","footnotes":""},"class_list":["post-12","page","type-page","status-publish","hentry"],"uagb_featured_image_src":{"full":false,"thumbnail":false,"medium":false,"medium_large":false,"large":false,"1536x1536":false,"2048x2048":false,"trp-custom-language-flag":false},"uagb_author_info":{"display_name":"Aase Gnist","author_link":"https:\/\/aasegnist.no\/en\/author\/aase-gnist\/"},"uagb_comment_info":0,"uagb_excerpt":"Aase Gnist AS: Din partner for presisjon og kvalitet Aase Gnist AS er en bedrift med bred erfaring og kompetanse innen tr\u00e5dgnist- og senkegnistmaskinering. V\u00e5r kunnskap har blitt formet gjennom langvarig levering til olje og offshore-industrien, hvor kravene til kvalitet og p\u00e5litelighet er stor. I tillegg til nye partnere innen denne sektoren s\u00f8ker vi samtidig&hellip;","_links":{"self":[{"href":"https:\/\/aasegnist.no\/en\/wp-json\/wp\/v2\/pages\/12","targetHints":{"allow":["GET"]}}],"collection":[{"href":"https:\/\/aasegnist.no\/en\/wp-json\/wp\/v2\/pages"}],"about":[{"href":"https:\/\/aasegnist.no\/en\/wp-json\/wp\/v2\/types\/page"}],"author":[{"embeddable":true,"href":"https:\/\/aasegnist.no\/en\/wp-json\/wp\/v2\/users\/3"}],"replies":[{"embeddable":true,"href":"https:\/\/aasegnist.no\/en\/wp-json\/wp\/v2\/comments?post=12"}],"version-history":[{"count":48,"href":"https:\/\/aasegnist.no\/en\/wp-json\/wp\/v2\/pages\/12\/revisions"}],"predecessor-version":[{"id":1326,"href":"https:\/\/aasegnist.no\/en\/wp-json\/wp\/v2\/pages\/12\/revisions\/1326"}],"wp:attachment":[{"href":"https:\/\/aasegnist.no\/en\/wp-json\/wp\/v2\/media?parent=12"}],"curies":[{"name":"wp","href":"https:\/\/api.w.org\/{rel}","templated":true}]}}